{"id":111,"date":"2015-07-09T16:39:56","date_gmt":"2015-07-09T16:39:56","guid":{"rendered":"http:\/\/adventure-tours.themedelight.com\/?post_type=product&#038;p=111"},"modified":"2025-05-12T02:37:58","modified_gmt":"2025-05-12T02:37:58","slug":"paddleboard","status":"publish","type":"product","link":"https:\/\/www.grecatours.com\/en\/tours\/paddleboard\/","title":{"rendered":"Paddle Boarding"},"content":{"rendered":"<h2>Paddle Boarding<\/h2>\n<p><i class=\"td-24-hours\"><\/i> Duration: <strong>8 hours<\/strong><\/p>\n<p>Watch the sunrise, glide over the crystal-clear waters of the Yucatan on a paddleboard\/SUP, explore stunning seascapes, and immerse yourself in an experience that combines exercise, relaxation, and fun. Enjoy all the wildlife you'll discover while exploring the mangroves in Progreso. Live an experience that will connect you with nature and with yourself!<\/p>\n<p>Afterwards, enjoy the beautiful Yucalpet\u00e9n sea at a comfortable beach club featuring a restaurant, pool, wading pool, palapas, restrooms, showers, the beach, and a small water park for the little ones.<br \/>\n<!--more--><\/p>\n<table class=\"table table-bordered tours-tabs__table\" style=\"height: 233px;\" width=\"862\">\n<tbody>\n<tr>\n<td><strong>DEPARTURE\/RETURN LOCATION:<\/strong><\/td>\n<td>M\u00e9rida<\/td>\n<\/tr>\n<tr>\n<td><strong>DEPARTURE TIME:<\/strong><\/td>\n<td>Please arrive by 4:15 am for a prompt departure at 4:30 am.<\/td>\n<\/tr>\n<tr>\n<td><strong>RETURN TIME:<\/strong><\/td>\n<td>Approximately 12:30 pm.<\/td>\n<\/tr>\n<tr>\n<td><strong>SUGGESTION:<\/strong><\/td>\n<td>Bring comfortable clothing, a swimsuit, towel, and sunscreen.<\/td>\n<\/tr>\n<tr>\n<td><strong>INCLUDED:<\/strong><\/td>\n<td>\n<table class=\"table table-bordered\" style=\"height: 62px;\" width=\"300\">\n<tbody>\n<tr>\n<td><i class=\"fa fa-check icon-tick icon-tick--on\"><\/i>Paddle tour, transportation, guide, beach club entrance, access to pools, showers, restrooms, palapas, and snack<\/td>\n<td><\/td>\n<\/tr>\n<tr>\n<td><\/td>\n<td><\/td>\n<\/tr>\n<\/tbody>\n<\/table>\n<\/td>\n<\/tr>\n<tr>\n<td><b>NOT INCLUDED:<\/b><\/td>\n<td>\n<table class=\"table table-bordered\" style=\"height: 62px;\" width=\"300\">\n<tbody>\n<tr>\n<td><i class=\"fa fa-times icon-tick icon-tick--off\"><\/i>Food, drinks, tips, souvenirs, and taxes.<\/td>\n<\/tr>\n<tr>\n<td><\/td>\n<\/tr>\n<\/tbody>\n<\/table>\n<\/td>\n<\/tr>\n<\/tbody>\n<\/table>\n<p>Price and availability subject to change without notice.<\/p>","protected":false},"excerpt":{"rendered":"<p>Paddle board Duraci\u00f3n: 8 horas Contempla el amanecer, desl\u00edzate sobre las aguas cristalinas de Yucat\u00e1n en un paddle board\/SUP, explora impresionantes paisajes marinos y sum\u00e9rgete en una experiencia que combina ejercicio, relajaci\u00f3n y diversi\u00f3n. Disfruta de toda la fauna que descubrir\u00e1s explorando el manglar en Progreso. \u00a1Vive una experiencia que te har\u00e1 conectar con la<\/p>\n<div class=\"padding-top text-center\"><a href=\"https:\/\/www.grecatours.com\/en\/tours\/paddleboard\/\" class=\"atbtn atbtn--medium atbtn--rounded atbtn--transparent\">Leer m\u00e1s<i class=\"atbtn__icon atbtn__icon--right fa fa-long-arrow-right\"><\/i><\/a><\/div>","protected":false},"featured_media":1595,"comment_status":"closed","ping_status":"closed","template":"","meta":[],"product_brand":[],"product_cat":[63],"product_tag":[],"class_list":{"0":"post-111","1":"product","2":"type-product","3":"status-publish","4":"has-post-thumbnail","6":"product_cat-tour","7":"tour_category-meridayucatan","9":"first","10":"instock","11":"shipping-taxable","12":"product-type-tour"},"_links":{"self":[{"href":"https:\/\/www.grecatours.com\/en\/wp-json\/wp\/v2\/product\/111","targetHints":{"allow":["GET"]}}],"collection":[{"href":"https:\/\/www.grecatours.com\/en\/wp-json\/wp\/v2\/product"}],"about":[{"href":"https:\/\/www.grecatours.com\/en\/wp-json\/wp\/v2\/types\/product"}],"replies":[{"embeddable":true,"href":"https:\/\/www.grecatours.com\/en\/wp-json\/wp\/v2\/comments?post=111"}],"wp:featuredmedia":[{"embeddable":true,"href":"https:\/\/www.grecatours.com\/en\/wp-json\/wp\/v2\/media\/1595"}],"wp:attachment":[{"href":"https:\/\/www.grecatours.com\/en\/wp-json\/wp\/v2\/media?parent=111"}],"wp:term":[{"taxonomy":"product_brand","embeddable":true,"href":"https:\/\/www.grecatours.com\/en\/wp-json\/wp\/v2\/product_brand?post=111"},{"taxonomy":"product_cat","embeddable":true,"href":"https:\/\/www.grecatours.com\/en\/wp-json\/wp\/v2\/product_cat?post=111"},{"taxonomy":"product_tag","embeddable":true,"href":"https:\/\/www.grecatours.com\/en\/wp-json\/wp\/v2\/product_tag?post=111"}],"curies":[{"name":"wp","href":"https:\/\/api.w.org\/{rel}","templated":true}]}}