{"id":112,"date":"2015-07-06T15:50:31","date_gmt":"2015-07-06T15:50:31","guid":{"rendered":"http:\/\/adventure-tours.themedelight.com\/?post_type=product&#038;p=112"},"modified":"2025-05-12T02:39:07","modified_gmt":"2025-05-12T02:39:07","slug":"motul","status":"publish","type":"product","link":"https:\/\/www.grecatours.com\/en\/tours\/motul\/","title":{"rendered":"Motul and Izamal"},"content":{"rendered":"<h2>Motul and Izamal<\/h2>\n<p><i class=\"td-24-hours\"><\/i> Duration: <strong>8 hours<\/strong><\/p>\n<p>Experience a wonderful full-day tour where we will visit Motul, the place where the recipe for one of Yucat\u00e1n\u2019s most traditional dishes, Huevos Motule\u00f1os, was created. You\u2019ll have the opportunity to enjoy them at the local market. Afterwards, you can explore and refresh yourself in the crystal-clear waters of a small cenote.<\/p>\n<p>Then, we will transfer to the magical town of Izamal, a beautiful colonial city founded in the mid-16th century atop the ruins of an ancient Maya city, which you will explore by quad bike or bicycle.<\/p>\n<p>Finally, you\u2019ll be able to taste the delicious Yucatecan cuisine (not included) at one of the most representative restaurants in Izamal.<!--more--><\/p>\n<table class=\"table table-bordered tours-tabs__table\" style=\"height: 233px;\" width=\"862\">\n<tbody>\n<tr>\n<td><strong>DEPARTURE\/RETURN LOCATION:<\/strong><\/td>\n<td>M\u00e9rida<\/td>\n<\/tr>\n<tr>\n<td><strong>DEPARTURE TIME:<\/strong><\/td>\n<td>Please arrive at 8:15 am for a prompt departure at 8:30 am.<\/td>\n<\/tr>\n<tr>\n<td><strong>RETURN TIME:<\/strong><\/td>\n<td>Aproximadamente 4:30 pm.<\/td>\n<\/tr>\n<tr>\n<td><strong>SUGGESTION:<\/strong><\/td>\n<td>Bring comfortable clothing, a swimsuit, towel, and sunscreen.<\/td>\n<\/tr>\n<tr>\n<td><strong>INCLUDED:<\/strong><\/td>\n<td>\n<table class=\"table table-bordered\" style=\"height: 62px;\" width=\"300\">\n<tbody>\n<tr>\n<td><i class=\"fa fa-check icon-tick icon-tick--on\"><\/i>Guide, quad bike tour (1 vehicle for 2 people) or bicycle, Huevos Motule\u00f1os, water, cenote entrance, transfers.<\/td>\n<td><\/td>\n<\/tr>\n<tr>\n<td><\/td>\n<td><\/td>\n<\/tr>\n<\/tbody>\n<\/table>\n<\/td>\n<\/tr>\n<tr>\n<td><b>NOT INCLUDED:<\/b><\/td>\n<td>\n<table class=\"table table-bordered\" style=\"height: 62px;\" width=\"300\">\n<tbody>\n<tr>\n<td><i class=\"fa fa-times icon-tick icon-tick--off\"><\/i><i class=\"bi bi-x-lg\"><\/i> Food and drinks other than those indicated, tips, souvenirs, taxes.<\/td>\n<\/tr>\n<tr>\n<td><\/td>\n<\/tr>\n<\/tbody>\n<\/table>\n<\/td>\n<\/tr>\n<\/tbody>\n<\/table>\n<p>Price and availability subject to change without notice.<\/p>","protected":false},"excerpt":{"rendered":"<p>Motul e Izamal Duraci\u00f3n: 8 horas Vive la experiencia de un maravilloso tour de d\u00eda completo en el que visitaremos Motul, lugar en donde se creo la receta de uno de los platillos m\u00e1s tradicionales de Yucat\u00e1n, los huevos motule\u00f1os, mismos que tendr\u00e1s oportunidad de disfrutar en el mercado del lugar, posteriormente, podr\u00e1s conocer y<\/p>\n<div class=\"padding-top text-center\"><a href=\"https:\/\/www.grecatours.com\/en\/tours\/motul\/\" class=\"atbtn atbtn--medium atbtn--rounded atbtn--transparent\">Leer m\u00e1s<i class=\"atbtn__icon atbtn__icon--right fa fa-long-arrow-right\"><\/i><\/a><\/div>","protected":false},"featured_media":1602,"comment_status":"closed","ping_status":"closed","template":"","meta":[],"product_brand":[],"product_cat":[63],"product_tag":[],"class_list":{"0":"post-112","1":"product","2":"type-product","3":"status-publish","4":"has-post-thumbnail","6":"product_cat-tour","7":"tour_category-meridayucatan","9":"first","10":"instock","11":"shipping-taxable","12":"product-type-tour"},"_links":{"self":[{"href":"https:\/\/www.grecatours.com\/en\/wp-json\/wp\/v2\/product\/112","targetHints":{"allow":["GET"]}}],"collection":[{"href":"https:\/\/www.grecatours.com\/en\/wp-json\/wp\/v2\/product"}],"about":[{"href":"https:\/\/www.grecatours.com\/en\/wp-json\/wp\/v2\/types\/product"}],"replies":[{"embeddable":true,"href":"https:\/\/www.grecatours.com\/en\/wp-json\/wp\/v2\/comments?post=112"}],"wp:featuredmedia":[{"embeddable":true,"href":"https:\/\/www.grecatours.com\/en\/wp-json\/wp\/v2\/media\/1602"}],"wp:attachment":[{"href":"https:\/\/www.grecatours.com\/en\/wp-json\/wp\/v2\/media?parent=112"}],"wp:term":[{"taxonomy":"product_brand","embeddable":true,"href":"https:\/\/www.grecatours.com\/en\/wp-json\/wp\/v2\/product_brand?post=112"},{"taxonomy":"product_cat","embeddable":true,"href":"https:\/\/www.grecatours.com\/en\/wp-json\/wp\/v2\/product_cat?post=112"},{"taxonomy":"product_tag","embeddable":true,"href":"https:\/\/www.grecatours.com\/en\/wp-json\/wp\/v2\/product_tag?post=112"}],"curies":[{"name":"wp","href":"https:\/\/api.w.org\/{rel}","templated":true}]}}