{"id":117,"date":"2015-07-10T16:05:27","date_gmt":"2015-07-10T16:05:27","guid":{"rendered":"http:\/\/adventure-tours.themedelight.com\/?post_type=product&#038;p=117"},"modified":"2025-08-04T07:14:42","modified_gmt":"2025-08-04T07:14:42","slug":"todoenuno","status":"publish","type":"product","link":"https:\/\/www.grecatours.com\/en\/tours\/todoenuno\/","title":{"rendered":"All-in-One"},"content":{"rendered":"<h2>All-in-One<\/h2>\n<p><i class=\"td-24-hours\"><\/i> Duration: <strong>10 hours<\/strong><\/p>\n<p>Experience a fantastic full-day tour where you can explore the archaeological site of Xcamb\u00f3, which means \"Celestial Crocodile\" or \"Place of Barter,\" admire the pink waters of Xtamp\u00fa, learn about the salt extraction process, and take beautiful photographs.\n\nAfterward, relax at a comfortable beach club where you can enjoy the seascape, swim in the ocean or one of the pools, take a kayak ride, or sample some of the delicious dishes at the restaurant.<\/p>\n<p>Afterward, relax at a comfortable beach club where you can enjoy the seascape, swim in the ocean or one of the pools, take a kayak ride, or sample some of the delicious dishes at the restaurant.<\/p>\n<p><!--more--><\/p>\n<table class=\"table table-bordered tours-tabs__table\" style=\"height: 233px;\" width=\"862\">\n<tbody>\n<tr>\n<td><strong>DEPARTURE\/RETURN LOCATION:<\/strong><\/td>\n<td>M\u00e9rida<\/td>\n<\/tr>\n<tr>\n<td><strong>DEPARTURE TIME:<\/strong><\/td>\n<td>Please arrive at 8:15 am for a prompt departure at 8:30 am.<\/td>\n<\/tr>\n<tr>\n<td><strong>RETURN TIME:<\/strong><\/td>\n<td>Approximately 6:30 pm.<\/td>\n<\/tr>\n<tr>\n<td><strong>SUGGESTION:<\/strong><\/td>\n<td>Bring comfortable clothing, a swimsuit, towel, and sunscreen.<\/td>\n<\/tr>\n<tr>\n<td><strong>INCLUDED:<\/strong><\/td>\n<td>\n<table class=\"table table-bordered\" style=\"height: 62px;\" width=\"300\">\n<tbody>\n<tr>\n<td><i class=\"fa fa-check icon-tick icon-tick--on\"><\/i><i class=\"bi bi-check-lg\"><\/i> Transfers, guide, entrance to the archaeological site, tour of the salt mine, access to the beach club, pool, lounge chairs, bathrooms, changing rooms, and showers, use of kayaks and paddleboards (subject to availability and weather conditions).<\/td>\n<td><\/td>\n<\/tr>\n<tr>\n<td><\/td>\n<td><\/td>\n<\/tr>\n<\/tbody>\n<\/table>\n<\/td>\n<\/tr>\n<tr>\n<td><b>NOT INCLUDED:<\/b><\/td>\n<td>\n<table class=\"table table-bordered\" style=\"height: 62px;\" width=\"300\">\n<tbody>\n<tr>\n<td><i class=\"fa fa-times icon-tick icon-tick--off\"><\/i>Food, drinks, tips, souvenirs, taxes.<\/td>\n<\/tr>\n<tr>\n<td><\/td>\n<\/tr>\n<\/tbody>\n<\/table>\n<\/td>\n<\/tr>\n<\/tbody>\n<\/table>\n<p>Price and availability subject to change without notice.<\/p>","protected":false},"excerpt":{"rendered":"<p>Todo en uno Duraci\u00f3n: 10 horas Vive un fant\u00e1stico tour de d\u00eda completo en el visitaremos Motul, lugar en donde se creo la receta de uno de los platillos m\u00e1s tradicionales de Yucat\u00e1n, los huevos motule\u00f1os, mismos que tendr\u00e1s oportunidad de disfrutar en el mercado del lugar,\u00a0 explorar la zona arqueol\u00f3gica de Xcamb\u00f3, que significa<\/p>\n<div class=\"padding-top text-center\"><a href=\"https:\/\/www.grecatours.com\/en\/tours\/todoenuno\/\" class=\"atbtn atbtn--medium atbtn--rounded atbtn--transparent\">Leer m\u00e1s<i class=\"atbtn__icon atbtn__icon--right fa fa-long-arrow-right\"><\/i><\/a><\/div>","protected":false},"featured_media":1584,"comment_status":"closed","ping_status":"closed","template":"","meta":[],"product_brand":[],"product_cat":[63],"product_tag":[],"class_list":{"0":"post-117","1":"product","2":"type-product","3":"status-publish","4":"has-post-thumbnail","6":"product_cat-tour","7":"tour_category-meridayucatan","9":"first","10":"instock","11":"shipping-taxable","12":"product-type-tour"},"_links":{"self":[{"href":"https:\/\/www.grecatours.com\/en\/wp-json\/wp\/v2\/product\/117","targetHints":{"allow":["GET"]}}],"collection":[{"href":"https:\/\/www.grecatours.com\/en\/wp-json\/wp\/v2\/product"}],"about":[{"href":"https:\/\/www.grecatours.com\/en\/wp-json\/wp\/v2\/types\/product"}],"replies":[{"embeddable":true,"href":"https:\/\/www.grecatours.com\/en\/wp-json\/wp\/v2\/comments?post=117"}],"wp:featuredmedia":[{"embeddable":true,"href":"https:\/\/www.grecatours.com\/en\/wp-json\/wp\/v2\/media\/1584"}],"wp:attachment":[{"href":"https:\/\/www.grecatours.com\/en\/wp-json\/wp\/v2\/media?parent=117"}],"wp:term":[{"taxonomy":"product_brand","embeddable":true,"href":"https:\/\/www.grecatours.com\/en\/wp-json\/wp\/v2\/product_brand?post=117"},{"taxonomy":"product_cat","embeddable":true,"href":"https:\/\/www.grecatours.com\/en\/wp-json\/wp\/v2\/product_cat?post=117"},{"taxonomy":"product_tag","embeddable":true,"href":"https:\/\/www.grecatours.com\/en\/wp-json\/wp\/v2\/product_tag?post=117"}],"curies":[{"name":"wp","href":"https:\/\/api.w.org\/{rel}","templated":true}]}}