{"id":122,"date":"2015-07-10T15:31:33","date_gmt":"2015-07-10T15:31:33","guid":{"rendered":"http:\/\/adventure-tours.themedelight.com\/?post_type=product&#038;p=122"},"modified":"2025-08-09T03:52:12","modified_gmt":"2025-08-09T03:52:12","slug":"manglar","status":"publish","type":"product","link":"https:\/\/www.grecatours.com\/en\/tours\/manglar\/","title":{"rendered":"Beach, Mangroves, and More"},"content":{"rendered":"<h2>Beach, Mangroves, and More<\/h2>\n<p><i class=\"td-24-hours\"><\/i> Duration: <strong>10 hours<\/strong><\/p>\n<p>Experience a fantastic full-day tour where you can explore a mangrove swamp, marvel at the local flora and fauna, observe beautiful birds, swim in the spring, admire the pink waters of Xtamp\u00fa, learn more about the salt extraction process, and take beautiful photographs.<\/p>\n<p>Afterwards, relax at a comfortable beach club where you can enjoy the seascape, swim in the ocean or one of the pools, take a kayak ride, or enjoy some of the delicious dishes at the restaurant.<\/p>\n<p><!--more--><\/p>\n<table class=\"table table-bordered tours-tabs__table\" style=\"height: 233px;\" width=\"862\">\n<tbody>\n<tr>\n<td><strong>DEPARTURE\/RETURN LOCATION:<\/strong><\/td>\n<td>M\u00e9rida<\/td>\n<\/tr>\n<tr>\n<td><strong>DEPARTURE TIME:<\/strong><\/td>\n<td>Please arrive at 8:15 am for a prompt departure at 8:30 am.<\/td>\n<\/tr>\n<tr>\n<td><strong>RETURN TIME:<\/strong><\/td>\n<td>Approximately 6:30 pm.<\/td>\n<\/tr>\n<tr>\n<td><strong>SUGGESTION:<\/strong><\/td>\n<td>Bring comfortable clothing, a swimsuit, towel, and sunscreen.<\/td>\n<\/tr>\n<tr>\n<td><strong>INCLUDED:<\/strong><\/td>\n<td>\n<table class=\"table table-bordered\" style=\"height: 62px;\" width=\"300\">\n<tbody>\n<tr>\n<td><i class=\"fa fa-check icon-tick icon-tick--on\"><\/i>Transportation, guide, mangrove tour, swimming in the spring, tour of the salt mine, access to the beach club, pool, lounge chairs, restrooms, changing rooms, and showers, use of kayaks and paddleboards (subject to availability and weather conditions).<\/td>\n<td><\/td>\n<\/tr>\n<tr>\n<td><\/td>\n<td><\/td>\n<\/tr>\n<\/tbody>\n<\/table>\n<\/td>\n<\/tr>\n<tr>\n<td><b>NOT INCLUDED:<\/b><\/td>\n<td>\n<table class=\"table table-bordered\" style=\"height: 62px;\" width=\"300\">\n<tbody>\n<tr>\n<td><i class=\"fa fa-times icon-tick icon-tick--off\"><\/i>Food, drinks, tips, souvenirs, and taxes.<\/td>\n<\/tr>\n<tr>\n<td><\/td>\n<\/tr>\n<\/tbody>\n<\/table>\n<\/td>\n<\/tr>\n<\/tbody>\n<\/table>\n<p>Price and availability subject to change without notice.<\/p>","protected":false},"excerpt":{"rendered":"<p>Playa, Manglar y algo m\u00e1s Duraci\u00f3n: 10 horas Vive un fant\u00e1stico tour de d\u00eda completo en el que podr\u00e1s explorar un manglar, maravillarte con la flora y fauna del lugar, observa hermosas aves, nada en el ojo de agua, admira las aguas rosadas de Xtamp\u00fa, conocer m\u00e1s sobre el proceso de extracci\u00f3n de la sal<\/p>\n<div class=\"padding-top text-center\"><a href=\"https:\/\/www.grecatours.com\/en\/tours\/manglar\/\" class=\"atbtn atbtn--medium atbtn--rounded atbtn--transparent\">Leer m\u00e1s<i class=\"atbtn__icon atbtn__icon--right fa fa-long-arrow-right\"><\/i><\/a><\/div>","protected":false},"featured_media":1591,"comment_status":"closed","ping_status":"closed","template":"","meta":[],"product_brand":[],"product_cat":[63],"product_tag":[],"class_list":{"0":"post-122","1":"product","2":"type-product","3":"status-publish","4":"has-post-thumbnail","6":"product_cat-tour","7":"tour_category-meridayucatan","9":"first","10":"instock","11":"shipping-taxable","12":"product-type-tour"},"_links":{"self":[{"href":"https:\/\/www.grecatours.com\/en\/wp-json\/wp\/v2\/product\/122","targetHints":{"allow":["GET"]}}],"collection":[{"href":"https:\/\/www.grecatours.com\/en\/wp-json\/wp\/v2\/product"}],"about":[{"href":"https:\/\/www.grecatours.com\/en\/wp-json\/wp\/v2\/types\/product"}],"replies":[{"embeddable":true,"href":"https:\/\/www.grecatours.com\/en\/wp-json\/wp\/v2\/comments?post=122"}],"wp:featuredmedia":[{"embeddable":true,"href":"https:\/\/www.grecatours.com\/en\/wp-json\/wp\/v2\/media\/1591"}],"wp:attachment":[{"href":"https:\/\/www.grecatours.com\/en\/wp-json\/wp\/v2\/media?parent=122"}],"wp:term":[{"taxonomy":"product_brand","embeddable":true,"href":"https:\/\/www.grecatours.com\/en\/wp-json\/wp\/v2\/product_brand?post=122"},{"taxonomy":"product_cat","embeddable":true,"href":"https:\/\/www.grecatours.com\/en\/wp-json\/wp\/v2\/product_cat?post=122"},{"taxonomy":"product_tag","embeddable":true,"href":"https:\/\/www.grecatours.com\/en\/wp-json\/wp\/v2\/product_tag?post=122"}],"curies":[{"name":"wp","href":"https:\/\/api.w.org\/{rel}","templated":true}]}}