{"id":126,"date":"2015-07-14T10:26:36","date_gmt":"2015-07-14T10:26:36","guid":{"rendered":"http:\/\/adventure-tours.themedelight.com\/?post_type=product&#038;p=126"},"modified":"2025-08-04T07:07:34","modified_gmt":"2025-08-04T07:07:34","slug":"uxmal","status":"publish","type":"product","link":"https:\/\/www.grecatours.com\/en\/tours\/uxmal\/","title":{"rendered":"Uxmal + Chocolate Museum"},"content":{"rendered":"<h2>Uxmal + Chocolate Museum<\/h2>\n<p><i class=\"td-24-hours\"><\/i> Duration: <strong>9 hours<\/strong><\/p>\n<p>Take a guided tour of the Chocolate Museum where you'll learn about its origin, distribution, uses around the world, and its ancient Mayan preparation methods. You'll also visit the botanical gardens with cacao trees and the animal shelter.<\/p>\n<p>Finally, we'll stop for a delicious traditional meal.<!--more--><\/p>\n<table class=\"table table-bordered tours-tabs__table\" style=\"height: 233px;\" width=\"862\">\n<tbody>\n<tr>\n<td><strong>DEPARTURE\/RETURN LOCATION:<\/strong><\/td>\n<td>M\u00e9rida<\/td>\n<\/tr>\n<tr>\n<td><strong>DEPARTURE TIME:<\/strong><\/td>\n<td>Please arrive by 9:45 am for a prompt departure at 10:00 am.<\/td>\n<\/tr>\n<tr>\n<td><strong>RETURN TIME:<\/strong><\/td>\n<td>Approximately 6:00 pm.<\/td>\n<\/tr>\n<tr>\n<td><strong>SUGGESTION:<\/strong><\/td>\n<td>Bring comfortable clothing, a swimsuit, towel, and sunscreen.<\/td>\n<\/tr>\n<tr>\n<td><strong>INCLUDED:<\/strong><\/td>\n<td>\n<table class=\"table table-bordered\" style=\"height: 62px;\" width=\"300\">\n<tbody>\n<tr>\n<td><i class=\"fa fa-check icon-tick icon-tick--on\"><\/i>Transfers, entrance to the archaeological site, and a guided tour of the museum.<\/td>\n<td><\/td>\n<\/tr>\n<tr>\n<td><\/td>\n<td><\/td>\n<\/tr>\n<\/tbody>\n<\/table>\n<\/td>\n<\/tr>\n<tr>\n<td><b>NOT INCLUDED:<\/b><\/td>\n<td>\n<table class=\"table table-bordered\" style=\"height: 62px;\" width=\"300\">\n<tbody>\n<tr>\n<td><i class=\"fa fa-times icon-tick icon-tick--off\"><\/i>Food, drinks, tips, souvenirs, and taxes.<\/td>\n<\/tr>\n<tr>\n<td><\/td>\n<\/tr>\n<\/tbody>\n<\/table>\n<\/td>\n<\/tr>\n<\/tbody>\n<\/table>\n<p>Price and availability subject to change without notice.<\/p>","protected":false},"excerpt":{"rendered":"<p>Uxmal + Museo del Chocolate Duraci\u00f3n: 9 horas Haz una visita guiada por el Museo del Chocolate en donde conocer\u00e1s su origen, distribuci\u00f3n, usos por el mundo y sus milenarias formas de preparaci\u00f3n Maya. Adem\u00e1s, podr\u00e1s visitar los jardines bot\u00e1nicos con \u00e1rboles de cacao y el refugio de animales. Por \u00faltimo, haremos una parada para<\/p>\n<div class=\"padding-top text-center\"><a href=\"https:\/\/www.grecatours.com\/en\/tours\/uxmal\/\" class=\"atbtn atbtn--medium atbtn--rounded atbtn--transparent\">Leer m\u00e1s<i class=\"atbtn__icon atbtn__icon--right fa fa-long-arrow-right\"><\/i><\/a><\/div>","protected":false},"featured_media":1562,"comment_status":"closed","ping_status":"closed","template":"","meta":[],"product_brand":[],"product_cat":[63],"product_tag":[],"class_list":{"0":"post-126","1":"product","2":"type-product","3":"status-publish","4":"has-post-thumbnail","6":"product_cat-tour","7":"tour_category-meridayucatan","9":"first","10":"instock","11":"shipping-taxable","12":"product-type-tour"},"_links":{"self":[{"href":"https:\/\/www.grecatours.com\/en\/wp-json\/wp\/v2\/product\/126","targetHints":{"allow":["GET"]}}],"collection":[{"href":"https:\/\/www.grecatours.com\/en\/wp-json\/wp\/v2\/product"}],"about":[{"href":"https:\/\/www.grecatours.com\/en\/wp-json\/wp\/v2\/types\/product"}],"replies":[{"embeddable":true,"href":"https:\/\/www.grecatours.com\/en\/wp-json\/wp\/v2\/comments?post=126"}],"wp:featuredmedia":[{"embeddable":true,"href":"https:\/\/www.grecatours.com\/en\/wp-json\/wp\/v2\/media\/1562"}],"wp:attachment":[{"href":"https:\/\/www.grecatours.com\/en\/wp-json\/wp\/v2\/media?parent=126"}],"wp:term":[{"taxonomy":"product_brand","embeddable":true,"href":"https:\/\/www.grecatours.com\/en\/wp-json\/wp\/v2\/product_brand?post=126"},{"taxonomy":"product_cat","embeddable":true,"href":"https:\/\/www.grecatours.com\/en\/wp-json\/wp\/v2\/product_cat?post=126"},{"taxonomy":"product_tag","embeddable":true,"href":"https:\/\/www.grecatours.com\/en\/wp-json\/wp\/v2\/product_tag?post=126"}],"curies":[{"name":"wp","href":"https:\/\/api.w.org\/{rel}","templated":true}]}}