{"id":1278,"date":"2025-02-08T19:27:24","date_gmt":"2025-02-08T19:27:24","guid":{"rendered":"https:\/\/www.grecatours.com\/?post_type=product&#038;p=1278"},"modified":"2025-08-07T23:42:22","modified_gmt":"2025-08-07T23:42:22","slug":"tourcenotes","status":"publish","type":"product","link":"https:\/\/www.grecatours.com\/en\/tours\/tourcenotes\/","title":{"rendered":"Cenote Tour"},"content":{"rendered":"<h2>Cenote Tour<\/h2>\r\n<p><i class=\"td-24-hours\"><\/i> Duration: <strong>6 hours<\/strong><\/p>\r\n\r\n<p>Spend a fantastic day visiting 4 beautiful cenotes, one of nature\u2019s greatest wonders, characteristic of the Yucat\u00e1n Peninsula. Discover the different types of cenotes: open, semi-open, and closed. Enjoy swimming in their crystal-clear waters and take stunning photos.<\/p>\r\n\r\n\r\n\r\n<p>Taste the delicious Yucatecan cuisine by enjoying lime soup and a regional dish.<\/p>\r\n\r\n<p><!--more--><\/p>\r\n<table class=\"table table-bordered tours-tabs__table\" style=\"height: 233px;\" width=\"862\">\r\n<tbody>\r\n<tr>\r\n<td><strong>DEPARTURE\/RETURN LOCATION:<\/strong><\/td>\r\n<td>M\u00e9rida<\/td>\r\n<\/tr>\r\n<tr>\r\n<td><strong>DEPARTURE TIME:<\/strong><\/td>\r\n<td>Please arrive by 9:45 am for a prompt departure at 10:00 am.<\/td>\r\n<\/tr>\r\n<tr>\r\n<td><strong>RETURN TIME:<\/strong><\/td>\r\n<td>Approximately 4:00 pm.<\/td>\r\n<\/tr>\r\n<tr>\r\n<td><strong>SUGGESTION:<\/strong><\/td>\r\n<td>Bring comfortable clothing, a swimsuit, towel, and sunscreen.<\/td>\r\n<\/tr>\r\n<tr>\r\n<td><strong>INCLUDED:<\/strong><\/td>\r\n<td>\r\n<table class=\"table table-bordered\" style=\"height: 62px;\" width=\"300\">\r\n<tbody>\r\n<tr>\r\n<td><i class=\"fa fa-check icon-tick icon-tick--on\"><\/i><i class=\"bi bi-check-lg\"><\/i> Transportation, admission fees, restrooms, changing rooms, showers, life jackets, Wi-Fi in cenote areas, guide, bicycle or truck.<\/td>\r\n<td>\u00a0<\/td>\r\n<\/tr>\r\n<tr>\r\n<td><i class=\"fa fa-check icon-tick icon-tick--on\"><\/i> Food: an appetizer, lime soup, main course, dessert, and a glass of flavored water.<\/td>\r\n<td>\u00a0<\/td>\r\n<\/tr>\r\n<\/tbody>\r\n<\/table>\r\n<\/td>\r\n<\/tr>\r\n<tr>\r\n<td><b>NOT INCLUDED:<\/b><\/td>\r\n<td>\r\n<table class=\"table table-bordered\" style=\"height: 62px;\" width=\"300\">\r\n<tbody>\r\n<tr>\r\n<td><i class=\"fa fa-times icon-tick icon-tick--off\"><\/i>Other food and drinks besides those indicated, tips, souvenirs, taxes.<\/td>\r\n<\/tr>\r\n<tr>\r\n<td>\u00a0<\/td>\r\n<\/tr>\r\n<\/tbody>\r\n<\/table>\r\n<\/td>\r\n<\/tr>\r\n<\/tbody>\r\n<\/table>\r\n<p>Price and availability subject to change without notice.<\/p>","protected":false},"excerpt":{"rendered":"<p>Tour Cenotes Duraci\u00f3n: 6 horas Pasa un d\u00eda excelente visitando 4 hermosos cenotes, una de las principales maravillas de la naturaleza, caracter\u00edsticos de la Pen\u00ednsula de Yucat\u00e1n. Conoce los diferentes tipos de cenotes abiertos, semiabiertos y cerrados. Disfruta y sum\u00e9rgete en sus aguas cristalinas, saca hermosas fotos. Prueba la deliciosa comida Yucateca, al disfrutar una<\/p>\n<div class=\"padding-top text-center\"><a href=\"https:\/\/www.grecatours.com\/en\/tours\/tourcenotes\/\" class=\"atbtn atbtn--medium atbtn--rounded atbtn--transparent\">Leer m\u00e1s<i class=\"atbtn__icon atbtn__icon--right fa fa-long-arrow-right\"><\/i><\/a><\/div>","protected":false},"featured_media":1394,"comment_status":"closed","ping_status":"closed","template":"","meta":[],"product_brand":[],"product_cat":[63],"product_tag":[],"class_list":{"0":"post-1278","1":"product","2":"type-product","3":"status-publish","4":"has-post-thumbnail","6":"product_cat-tour","7":"tour_category-meridayucatan","9":"first","10":"instock","11":"shipping-taxable","12":"product-type-tour"},"_links":{"self":[{"href":"https:\/\/www.grecatours.com\/en\/wp-json\/wp\/v2\/product\/1278","targetHints":{"allow":["GET"]}}],"collection":[{"href":"https:\/\/www.grecatours.com\/en\/wp-json\/wp\/v2\/product"}],"about":[{"href":"https:\/\/www.grecatours.com\/en\/wp-json\/wp\/v2\/types\/product"}],"replies":[{"embeddable":true,"href":"https:\/\/www.grecatours.com\/en\/wp-json\/wp\/v2\/comments?post=1278"}],"wp:featuredmedia":[{"embeddable":true,"href":"https:\/\/www.grecatours.com\/en\/wp-json\/wp\/v2\/media\/1394"}],"wp:attachment":[{"href":"https:\/\/www.grecatours.com\/en\/wp-json\/wp\/v2\/media?parent=1278"}],"wp:term":[{"taxonomy":"product_brand","embeddable":true,"href":"https:\/\/www.grecatours.com\/en\/wp-json\/wp\/v2\/product_brand?post=1278"},{"taxonomy":"product_cat","embeddable":true,"href":"https:\/\/www.grecatours.com\/en\/wp-json\/wp\/v2\/product_cat?post=1278"},{"taxonomy":"product_tag","embeddable":true,"href":"https:\/\/www.grecatours.com\/en\/wp-json\/wp\/v2\/product_tag?post=1278"}],"curies":[{"name":"wp","href":"https:\/\/api.w.org\/{rel}","templated":true}]}}