{"id":1279,"date":"2025-02-08T19:27:25","date_gmt":"2025-02-08T19:27:25","guid":{"rendered":"https:\/\/www.grecatours.com\/?post_type=product&#038;p=1279"},"modified":"2025-05-12T02:33:50","modified_gmt":"2025-05-12T02:33:50","slug":"tour-cervecero-x-progreso","status":"publish","type":"product","link":"https:\/\/www.grecatours.com\/en\/tours\/tour-cervecero-x-progreso\/","title":{"rendered":"Brewery Tour in Progreso"},"content":{"rendered":"<h2>Brewery Tour in Progreso<\/h2>\n<p><i class=\"td-24-hours\"><\/i> Duration: <strong>9 hours<\/strong><\/p>\n<p>Spend an extraordinary afternoon in Puerto Progreso. Enjoy a ride along the beautiful Progreso boardwalk aboard the Pedal Bar, a fun-filled pedal-powered vehicle.<\/p>\n<p>During the tour, there will be stops at several local restaurants where you can enjoy some snacks and beers.<\/p>\n<p>You\u2019ll also get to enjoy the sunset and take amazing photos.<\/p>\n<p>If you\u2019re celebrating something, please let us know in advance so we can celebrate you as you deserve.<\/p>\n<p>Finally, enjoy free time at the port where you can stroll around, try a marquesita, or shop for souvenirs.<\/p>\n<p><!--more--><\/p>\n<table class=\"table table-bordered tours-tabs__table\" style=\"height: 233px;\" width=\"862\">\n<tbody>\n<tr>\n<td><strong>DEPARTURE\/RETURN LOCATION:<\/strong><\/td>\n<td>M\u00e9rida<\/td>\n<\/tr>\n<tr>\n<td><strong>DEPARTURE TIME:<\/strong><\/td>\n<td>Please arrive by 9:45 am for a prompt departure at 10:00 am.<\/td>\n<\/tr>\n<tr>\n<td><strong>RETURN TIME:<\/strong><\/td>\n<td>Approximately 7:00 pm.<\/td>\n<\/tr>\n<tr>\n<td><strong>SUGGESTION:<\/strong><\/td>\n<td>Bring comfortable clothing, a swimsuit, towel, sunscreen, and a hat.<\/td>\n<\/tr>\n<tr>\n<td><strong>INCLUDED:<\/strong><\/td>\n<td>\n<table class=\"table table-bordered\" style=\"height: 62px;\" width=\"300\">\n<tbody>\n<tr>\n<td><i class=\"fa fa-check icon-tick icon-tick--on\"><\/i>Transfer, tour, guide, water, tasting of some foods, 6 beers.<\/td>\n<td><\/td>\n<\/tr>\n<tr>\n<td><\/td>\n<td><\/td>\n<\/tr>\n<\/tbody>\n<\/table>\n<\/td>\n<\/tr>\n<tr>\n<td><b>NOT INCLUDED:<\/b><\/td>\n<td>\n<table class=\"table table-bordered\" style=\"height: 62px;\" width=\"300\">\n<tbody>\n<tr>\n<td><i class=\"fa fa-times icon-tick icon-tick--off\"><\/i>Other foods besides those indicated, tips, souvenirs, taxes.<\/td>\n<\/tr>\n<tr>\n<td><\/td>\n<\/tr>\n<\/tbody>\n<\/table>\n<\/td>\n<\/tr>\n<\/tbody>\n<\/table>\n<p>Price and availability subject to change without notice.<\/p>","protected":false},"excerpt":{"rendered":"<p>Tour Cervecero x Progreso Duraci\u00f3n: 9 horas Pasa una tarde extraordinaria en Puerto Progreso. Goza de un paseo por el hermoso malec\u00f3n de Progreso a bordo del Pedal Bar, un camioncito lleno de diversi\u00f3n. Durante el recorrido se realizar\u00e1n paradas en algunos restaurantes locales en donde podr\u00e1s disfrutar de algunas botanas y cervezas. Adem\u00e1s podr\u00e1s<\/p>\n<div class=\"padding-top text-center\"><a href=\"https:\/\/www.grecatours.com\/en\/tours\/tour-cervecero-x-progreso\/\" class=\"atbtn atbtn--medium atbtn--rounded atbtn--transparent\">Leer m\u00e1s<i class=\"atbtn__icon atbtn__icon--right fa fa-long-arrow-right\"><\/i><\/a><\/div>","protected":false},"featured_media":1386,"comment_status":"closed","ping_status":"closed","template":"","meta":[],"product_brand":[],"product_cat":[63],"product_tag":[],"class_list":{"0":"post-1279","1":"product","2":"type-product","3":"status-publish","4":"has-post-thumbnail","6":"product_cat-tour","7":"tour_category-meridayucatan","9":"first","10":"instock","11":"shipping-taxable","12":"product-type-tour"},"_links":{"self":[{"href":"https:\/\/www.grecatours.com\/en\/wp-json\/wp\/v2\/product\/1279","targetHints":{"allow":["GET"]}}],"collection":[{"href":"https:\/\/www.grecatours.com\/en\/wp-json\/wp\/v2\/product"}],"about":[{"href":"https:\/\/www.grecatours.com\/en\/wp-json\/wp\/v2\/types\/product"}],"replies":[{"embeddable":true,"href":"https:\/\/www.grecatours.com\/en\/wp-json\/wp\/v2\/comments?post=1279"}],"wp:featuredmedia":[{"embeddable":true,"href":"https:\/\/www.grecatours.com\/en\/wp-json\/wp\/v2\/media\/1386"}],"wp:attachment":[{"href":"https:\/\/www.grecatours.com\/en\/wp-json\/wp\/v2\/media?parent=1279"}],"wp:term":[{"taxonomy":"product_brand","embeddable":true,"href":"https:\/\/www.grecatours.com\/en\/wp-json\/wp\/v2\/product_brand?post=1279"},{"taxonomy":"product_cat","embeddable":true,"href":"https:\/\/www.grecatours.com\/en\/wp-json\/wp\/v2\/product_cat?post=1279"},{"taxonomy":"product_tag","embeddable":true,"href":"https:\/\/www.grecatours.com\/en\/wp-json\/wp\/v2\/product_tag?post=1279"}],"curies":[{"name":"wp","href":"https:\/\/api.w.org\/{rel}","templated":true}]}}