{"id":1280,"date":"2025-02-08T19:27:26","date_gmt":"2025-02-08T19:27:26","guid":{"rendered":"https:\/\/www.grecatours.com\/?post_type=product&#038;p=1280"},"modified":"2025-05-12T02:33:21","modified_gmt":"2025-05-12T02:33:21","slug":"chichenitza","status":"publish","type":"product","link":"https:\/\/www.grecatours.com\/en\/tours\/chichenitza\/","title":{"rendered":"Chich\u00e9n Itz\u00e1"},"content":{"rendered":"<h2>Chich\u00e9n Itz\u00e1 + Maya Sanctuary with Cenote<\/h2>\n<p><i class=\"td-24-hours\"><\/i> Duration: <strong>10 hours<\/strong><\/p>\n<p>Enjoy a wonderful full-day tour exploring one of the wonders of the world, Chich\u00e9n Itz\u00e1. Accompanied by a guide, visit the Kukulk\u00e1n Pyramid and all the majestic structures of this archaeological site.<\/p>\n<p>Afterwards, visit a Maya sanctuary where you\u2019ll have the opportunity to participate in a welcome ceremony with copal, visit a traditional Maya house, attend a workshop to make regional seasonings (recados), and swim in the crystal-clear waters of the cenote.<\/p>\n<p>You will also enjoy a delicious buffet meal.<\/p>\n<p><!--more--><\/p>\n<table class=\"table table-bordered tours-tabs__table\" style=\"height: 233px;\" width=\"862\">\n<tbody>\n<tr>\n<td><strong>DEPARTURE\/RETURN LOCATION:<\/strong><\/td>\n<td>M\u00e9rida<\/td>\n<\/tr>\n<tr>\n<td><strong>DEPARTURE TIME:<\/strong><\/td>\n<td>Please arrive by 7:45 am for a prompt departure at 8:00 am.<\/td>\n<\/tr>\n<tr>\n<td><strong>RETURN TIME:<\/strong><\/td>\n<td>Approximately 6:00 pm.<\/td>\n<\/tr>\n<tr>\n<td><strong>SUGGESTION:<\/strong><\/td>\n<td>Bring comfortable clothing, a swimsuit, towel, and sunscreen.<\/td>\n<\/tr>\n<tr>\n<td><strong>INCLUDED:<\/strong><\/td>\n<td>\n<table class=\"table table-bordered\" style=\"height: 62px;\" width=\"300\">\n<tbody>\n<tr>\n<td><i class=\"fa fa-check icon-tick icon-tick--on\"><\/i>Entrance to the archaeological site, guide, buffet meal, cenote entrance, ceremony, Maya house and workshop, restrooms, showers, life jackets (mandatory use), lifeguard and paramedic, Wi-Fi in the cenote area.<\/td>\n<td><\/td>\n<\/tr>\n<tr>\n<td><\/td>\n<td><\/td>\n<\/tr>\n<\/tbody>\n<\/table>\n<\/td>\n<\/tr>\n<tr>\n<td><b>NOT INCLUDED:<\/b><\/td>\n<td>\n<table class=\"table table-bordered\" style=\"height: 62px;\" width=\"300\">\n<tbody>\n<tr>\n<td><i class=\"fa fa-times icon-tick icon-tick--off\"><\/i>Additional food beyond what is specified, Beverages, Tips, Souvenirs, Taxes<\/td>\n<\/tr>\n<tr>\n<td><\/td>\n<\/tr>\n<\/tbody>\n<\/table>\n<\/td>\n<\/tr>\n<\/tbody>\n<\/table>\n<p>Price and availability subject to change without notice.<\/p>","protected":false},"excerpt":{"rendered":"<p>Chich\u00e9n Itz\u00e1 + Santuario Maya con Cenote Duraci\u00f3n: 10 horas Disfruta de un maravilloso tour de d\u00eda completo en el que podr\u00e1s recorrer una de las maravillas del mundo Chichen Itza, acompa\u00f1ado de un gu\u00eda visita el castillo de Kukulk\u00e1n y todas las majestuosas estructuras de esta zona arqueol\u00f3gica. Posteriormente, conoce un santuario maya, en<\/p>\n<div class=\"padding-top text-center\"><a href=\"https:\/\/www.grecatours.com\/en\/tours\/chichenitza\/\" class=\"atbtn atbtn--medium atbtn--rounded atbtn--transparent\">Leer m\u00e1s<i class=\"atbtn__icon atbtn__icon--right fa fa-long-arrow-right\"><\/i><\/a><\/div>","protected":false},"featured_media":1369,"comment_status":"closed","ping_status":"closed","template":"","meta":[],"product_brand":[],"product_cat":[63],"product_tag":[],"class_list":{"0":"post-1280","1":"product","2":"type-product","3":"status-publish","4":"has-post-thumbnail","6":"product_cat-tour","7":"tour_category-meridayucatan","9":"first","10":"instock","11":"shipping-taxable","12":"product-type-tour"},"_links":{"self":[{"href":"https:\/\/www.grecatours.com\/en\/wp-json\/wp\/v2\/product\/1280","targetHints":{"allow":["GET"]}}],"collection":[{"href":"https:\/\/www.grecatours.com\/en\/wp-json\/wp\/v2\/product"}],"about":[{"href":"https:\/\/www.grecatours.com\/en\/wp-json\/wp\/v2\/types\/product"}],"replies":[{"embeddable":true,"href":"https:\/\/www.grecatours.com\/en\/wp-json\/wp\/v2\/comments?post=1280"}],"wp:featuredmedia":[{"embeddable":true,"href":"https:\/\/www.grecatours.com\/en\/wp-json\/wp\/v2\/media\/1369"}],"wp:attachment":[{"href":"https:\/\/www.grecatours.com\/en\/wp-json\/wp\/v2\/media?parent=1280"}],"wp:term":[{"taxonomy":"product_brand","embeddable":true,"href":"https:\/\/www.grecatours.com\/en\/wp-json\/wp\/v2\/product_brand?post=1280"},{"taxonomy":"product_cat","embeddable":true,"href":"https:\/\/www.grecatours.com\/en\/wp-json\/wp\/v2\/product_cat?post=1280"},{"taxonomy":"product_tag","embeddable":true,"href":"https:\/\/www.grecatours.com\/en\/wp-json\/wp\/v2\/product_tag?post=1280"}],"curies":[{"name":"wp","href":"https:\/\/api.w.org\/{rel}","templated":true}]}}