{"id":1283,"date":"2025-02-08T19:27:28","date_gmt":"2025-02-08T19:27:28","guid":{"rendered":"https:\/\/www.grecatours.com\/?post_type=product&#038;p=1283"},"modified":"2025-06-01T17:54:56","modified_gmt":"2025-06-01T17:54:56","slug":"hacienda-museo-sotuta-de-peon","status":"publish","type":"product","link":"https:\/\/www.grecatours.com\/en\/tours\/hacienda-museo-sotuta-de-peon\/","title":{"rendered":"Hacienda + Sotuta de Pe\u00f3n Museum"},"content":{"rendered":"<h2>Hacienda + Museo Sotuta de Pe\u00f3n<\/h2>\n<p><i class=\"td-24-hours\"><\/i> Duraci\u00f3n: <strong>5 horas<\/strong><\/p>\n<p>Disfruta de un maravilloso tour en el que podr\u00e1s disfrutar del museo vivo de una Hacienda de mediados del siglo XIX, en el que ser\u00e1 testigo de cada paso del proceso de transformaci\u00f3n del Henequ\u00e9n (tambi\u00e9n llamado \u201cOro Verde\u201d en esta regi\u00f3n), de la planta a la fibra, y de la fibra al producto terminado. Tambi\u00e9n tendr\u00e1 la oportunidad de ver la maquinaria antigua que ha sido rescatada de los estragos del tiempo y reconstruida a su precisa capacidad operativa. Su paseo tambi\u00e9n incluir\u00e1 una vista a una t\u00edpica Casa Maya.<\/p>\n<p>A\u00f1ada las inigualables formaciones geol\u00f3gicas, los cenotes, unos hermosos r\u00edos de aguas cristalinas y alcalinas, muy codiciadas. T\u00f3mese un momento para tomar un refrescante chapuz\u00f3n al final de su paseo o, si lo prefieres, tenemos una enorme piscina, tenemos una enorme piscina, rodeada de exuberantes jardines de flores tropicales y plantas nativas de un verde espectacular. Concluya su visita con los deliciosos sabores de la comida Yucateca.<br \/>\n<!--more--><\/p>\n<p>&nbsp;<\/p>\n<table class=\"table table-bordered tours-tabs__table\" style=\"height: 233px;\" width=\"862\">\n<tbody>\n<tr>\n<td><strong>LUGAR DE SALIDA\/REGRESO<\/strong><\/td>\n<td>M\u00e9rida<\/td>\n<\/tr>\n<tr>\n<td><strong>HORA DE SALIDA<\/strong><\/td>\n<td>Por favor llegue a las 9:45 am para una salida puntual a las 10:00 am.<\/td>\n<\/tr>\n<tr>\n<td><strong>HORA DE REGRESO<\/strong><\/td>\n<td>Aproximadamente 4:00 pm.<\/td>\n<\/tr>\n<tr>\n<td><strong>SUGERENCIA<\/strong><\/td>\n<td>Llevar ropa c\u00f3moda, traje de ba\u00f1o, toalla, protector solar.<\/td>\n<\/tr>\n<tr>\n<td><strong>INCLUIDO<\/strong><\/td>\n<td>\n<table class=\"table table-bordered\" style=\"height: 62px;\" width=\"300\">\n<tbody>\n<tr>\n<td><i class=\"fa fa-check icon-tick icon-tick--on\"><\/i>Traslados, visita guiada compartida, bebida de bienvenida (natural, no alcoh\u00f3lico), visita a la Casa Principal, Corchada Manual (Explicaci\u00f3n y Proceso), Raspa (Explicaci\u00f3n), Tendedero, Museo Fuerza Motriz (evoluci\u00f3n de Incluye maquinaria), Prensa (Explicaci\u00f3n), Corcher\u00eda (Explicaci\u00f3n de Proceso), Paseo en Truck, Casa Maya, Visita al Cenote Dzul-Ha [1 hora] (Opci\u00f3n de nadar), men\u00fa de 4 tiempos<\/td>\n<td><\/td>\n<\/tr>\n<tr>\n<td><\/td>\n<td><\/td>\n<\/tr>\n<\/tbody>\n<\/table>\n<\/td>\n<\/tr>\n<tr>\n<td><b>NO INCLUIDO<\/b><\/td>\n<td>\n<table class=\"table table-bordered\" style=\"height: 62px;\" width=\"300\">\n<tbody>\n<tr>\n<td><i class=\"fa fa-times icon-tick icon-tick--off\"><\/i>Otros alimentos adem\u00e1s de los indicados, bebidas, propinas, souvenirs, impuestos<\/td>\n<\/tr>\n<tr>\n<td><\/td>\n<\/tr>\n<\/tbody>\n<\/table>\n<\/td>\n<\/tr>\n<\/tbody>\n<\/table>\n<p>Precio y disponibilidad sujetos a cambios sin previo aviso<\/p>\n","protected":false},"excerpt":{"rendered":"<p>Hacienda + Museo Sotuta de Pe\u00f3n Duraci\u00f3n: 5 horas Disfruta de un maravilloso tour en el que podr\u00e1s disfrutar del museo vivo de una Hacienda de mediados del siglo XIX, en el que ser\u00e1 testigo de cada paso del proceso de transformaci\u00f3n del Henequ\u00e9n (tambi\u00e9n llamado \u201cOro Verde\u201d en esta regi\u00f3n), de la planta a<\/p>\n<div class=\"padding-top text-center\"><a href=\"https:\/\/www.grecatours.com\/en\/tours\/hacienda-museo-sotuta-de-peon\/\" class=\"atbtn atbtn--medium atbtn--rounded atbtn--transparent\">Leer m\u00e1s<i class=\"atbtn__icon atbtn__icon--right fa fa-long-arrow-right\"><\/i><\/a><\/div>","protected":false},"featured_media":1324,"comment_status":"closed","ping_status":"closed","template":"","meta":[],"product_brand":[],"product_cat":[63],"product_tag":[],"class_list":{"0":"post-1283","1":"product","2":"type-product","3":"status-publish","4":"has-post-thumbnail","6":"product_cat-tour","7":"tour_category-meridayucatan","9":"first","10":"instock","11":"shipping-taxable","12":"product-type-tour"},"_links":{"self":[{"href":"https:\/\/www.grecatours.com\/en\/wp-json\/wp\/v2\/product\/1283","targetHints":{"allow":["GET"]}}],"collection":[{"href":"https:\/\/www.grecatours.com\/en\/wp-json\/wp\/v2\/product"}],"about":[{"href":"https:\/\/www.grecatours.com\/en\/wp-json\/wp\/v2\/types\/product"}],"replies":[{"embeddable":true,"href":"https:\/\/www.grecatours.com\/en\/wp-json\/wp\/v2\/comments?post=1283"}],"wp:featuredmedia":[{"embeddable":true,"href":"https:\/\/www.grecatours.com\/en\/wp-json\/wp\/v2\/media\/1324"}],"wp:attachment":[{"href":"https:\/\/www.grecatours.com\/en\/wp-json\/wp\/v2\/media?parent=1283"}],"wp:term":[{"taxonomy":"product_brand","embeddable":true,"href":"https:\/\/www.grecatours.com\/en\/wp-json\/wp\/v2\/product_brand?post=1283"},{"taxonomy":"product_cat","embeddable":true,"href":"https:\/\/www.grecatours.com\/en\/wp-json\/wp\/v2\/product_cat?post=1283"},{"taxonomy":"product_tag","embeddable":true,"href":"https:\/\/www.grecatours.com\/en\/wp-json\/wp\/v2\/product_tag?post=1283"}],"curies":[{"name":"wp","href":"https:\/\/api.w.org\/{rel}","templated":true}]}}