{"id":134,"date":"2015-07-15T12:01:46","date_gmt":"2015-07-15T12:01:46","guid":{"rendered":"http:\/\/adventure-tours.themedelight.com\/?post_type=product&#038;p=134"},"modified":"2025-08-04T07:05:05","modified_gmt":"2025-08-04T07:05:05","slug":"celestun","status":"publish","type":"product","link":"https:\/\/www.grecatours.com\/en\/tours\/celestun\/","title":{"rendered":"Celest\u00fan, Flamingos and Beach"},"content":{"rendered":"<h2>Celest\u00fan, Flamingos and Beach<\/h2>\n<p><i class=\"td-24-hours\"><\/i> Duration: <strong>9 hours<\/strong><\/p>\n<p>Enjoy a wonderful full-day tour of one of Yucat\u00e1n's greatest ecotourism paradises, part of the World Heritage Special Biosphere Reserve.<\/p>\n<p>During a boat ride, we'll observe pink flamingos and all kinds of birds, explore mangroves, and take a Mayan bath. In a deep-sea area, we'll extract clay and exfoliate our skin. Finally, you will be able to enjoy a delicious meal by the sea and enjoy the rest of the afternoon at the beach.<\/p>\n<p><!--more--><\/p>\n<table class=\"table table-bordered tours-tabs__table\" style=\"height: 233px;\" width=\"862\">\n<tbody>\n<tr>\n<td><strong>DEPARTURE\/RETURN LOCATION:<\/strong><\/td>\n<td>M\u00e9rida<\/td>\n<\/tr>\n<tr>\n<td><strong>DEPARTURE TIME:<\/strong><\/td>\n<td>Please arrive by 9:45 am for a prompt departure at 10:00 am.<\/td>\n<\/tr>\n<tr>\n<td><strong>RETURN TIME:<\/strong><\/td>\n<td>Approximately 7:00 pm.<\/td>\n<\/tr>\n<tr>\n<td><strong>SUGGESTION:<\/strong><\/td>\n<td>Bring comfortable clothing, a swimsuit, towel, and sunscreen.<\/td>\n<\/tr>\n<tr>\n<td><strong>INCLUDED:<\/strong><\/td>\n<td>\n<table class=\"table table-bordered\" style=\"height: 62px;\" width=\"300\">\n<tbody>\n<tr>\n<td><i class=\"fa fa-check icon-tick icon-tick--on\"><\/i>Transportation, boat ride for 6-8 people, and a guide.<\/td>\n<td><\/td>\n<\/tr>\n<tr>\n<td><\/td>\n<td><\/td>\n<\/tr>\n<\/tbody>\n<\/table>\n<\/td>\n<\/tr>\n<tr>\n<td><b>NOT INCLUDED:<\/b><\/td>\n<td>\n<table class=\"table table-bordered\" style=\"height: 62px;\" width=\"300\">\n<tbody>\n<tr>\n<td><i class=\"fa fa-times icon-tick icon-tick--off\"><\/i>Food, drinks, tips, souvenirs, and taxes.<\/td>\n<\/tr>\n<tr>\n<td><\/td>\n<\/tr>\n<\/tbody>\n<\/table>\n<\/td>\n<\/tr>\n<\/tbody>\n<\/table>\n<p>Price and availability subject to change without notice.<\/p>","protected":false},"excerpt":{"rendered":"<p>Celest\u00fan, Flamingos y Playa Duraci\u00f3n: 9 horas Disfruta de un maravilloso tour de d\u00eda completo en el que podr\u00e1s recorrer uno de los mayores para\u00edsos ecotur\u00edsticos de Yucat\u00e1n, el cual forma parte del patrimonio mundial de la reserva especial de la bi\u00f3sfera. Durante un paseo en lancha podremos observar a los flamingos rosados y toda<\/p>\n<div class=\"padding-top text-center\"><a href=\"https:\/\/www.grecatours.com\/en\/tours\/celestun\/\" class=\"atbtn atbtn--medium atbtn--rounded atbtn--transparent\">Leer m\u00e1s<i class=\"atbtn__icon atbtn__icon--right fa fa-long-arrow-right\"><\/i><\/a><\/div>","protected":false},"featured_media":1555,"comment_status":"closed","ping_status":"closed","template":"","meta":[],"product_brand":[],"product_cat":[63],"product_tag":[],"class_list":{"0":"post-134","1":"product","2":"type-product","3":"status-publish","4":"has-post-thumbnail","6":"product_cat-tour","7":"tour_category-meridayucatan","9":"first","10":"instock","11":"shipping-taxable","12":"product-type-tour"},"_links":{"self":[{"href":"https:\/\/www.grecatours.com\/en\/wp-json\/wp\/v2\/product\/134","targetHints":{"allow":["GET"]}}],"collection":[{"href":"https:\/\/www.grecatours.com\/en\/wp-json\/wp\/v2\/product"}],"about":[{"href":"https:\/\/www.grecatours.com\/en\/wp-json\/wp\/v2\/types\/product"}],"replies":[{"embeddable":true,"href":"https:\/\/www.grecatours.com\/en\/wp-json\/wp\/v2\/comments?post=134"}],"wp:featuredmedia":[{"embeddable":true,"href":"https:\/\/www.grecatours.com\/en\/wp-json\/wp\/v2\/media\/1555"}],"wp:attachment":[{"href":"https:\/\/www.grecatours.com\/en\/wp-json\/wp\/v2\/media?parent=134"}],"wp:term":[{"taxonomy":"product_brand","embeddable":true,"href":"https:\/\/www.grecatours.com\/en\/wp-json\/wp\/v2\/product_brand?post=134"},{"taxonomy":"product_cat","embeddable":true,"href":"https:\/\/www.grecatours.com\/en\/wp-json\/wp\/v2\/product_cat?post=134"},{"taxonomy":"product_tag","embeddable":true,"href":"https:\/\/www.grecatours.com\/en\/wp-json\/wp\/v2\/product_tag?post=134"}],"curies":[{"name":"wp","href":"https:\/\/api.w.org\/{rel}","templated":true}]}}