{"id":1760,"date":"2025-02-14T01:24:58","date_gmt":"2025-02-14T01:24:58","guid":{"rendered":"https:\/\/www.grecatours.com\/?post_type=product&#038;p=1760"},"modified":"2025-08-08T00:06:08","modified_gmt":"2025-08-08T00:06:08","slug":"paseoenyateovelero","status":"publish","type":"product","link":"https:\/\/www.grecatours.com\/en\/tours\/paseoenyateovelero\/","title":{"rendered":"Yacht or Sailboat Ride"},"content":{"rendered":"<h2>Yacht or Sailboat Ride<\/h2>\r\n<p class=\"translation-block\"><i class=\"td-24-hours\"><\/i> Duration: <strong>up to 6 hours<\/strong><\/p>\r\n\r\n<p>Experience an extraordinary full-day tour where you can explore the Yucat\u00e1n Sea aboard a sailboat or yacht.<\/p>\r\n\r\n\r\n\r\n<p>If you\u2019re celebrating a special occasion or want to experience a romantic getaway, this tour is ideal. It\u2019s also perfect for those who simply want to spend an amazing day enjoying time with friends or family and appreciating nature.<\/p>\r\n\r\n<p><!--more--> \u00a0<\/p>\r\n<table class=\"table table-bordered tours-tabs__table\" style=\"height: 233px;\" width=\"862\">\r\n<tbody>\r\n<tr>\r\n<td><strong>DEPARTURE\/RETURN LOCATION:<\/strong><\/td>\r\n<td>\u00a0<\/td>\r\n<\/tr>\r\n<tr>\r\n<td><strong>DEPARTURE TIME:<\/strong><\/td>\r\n<td>Please arrive by 0:00 am for a prompt departure at 0:00 am.<\/td>\r\n<\/tr>\r\n<tr>\r\n<td><strong>RETURN TIME:<\/strong><\/td>\r\n<td>Approximately  0:00 pm.<\/td>\r\n<\/tr>\r\n<tr>\r\n<td><strong>SUGGESTION:<\/strong><\/td>\r\n<td>Bring comfortable clothing, a swimsuit, towel, and sunscreen.<\/td>\r\n<\/tr>\r\n<tr>\r\n<td><strong>INCLUDED:<\/strong><\/td>\r\n<td>\r\n<table class=\"table table-bordered\" style=\"height: 62px;\" width=\"300\">\r\n<tbody>\r\n<tr>\r\n<td><i class=\"fa fa-check icon-tick icon-tick--on\"><\/i>Transfer, cabin, bathroom, kitchen, living area, cooler, sound system, life jackets, fuel, captain service, sailor, ice, water, soft drinks, snacks.<\/td>\r\n<td>\u00a0<\/td>\r\n<\/tr>\r\n<tr>\r\n<td>\u00a0<\/td>\r\n<td>\u00a0<\/td>\r\n<\/tr>\r\n<\/tbody>\r\n<\/table>\r\n<\/td>\r\n<\/tr>\r\n<tr>\r\n<td><b>NOT INCLUDED:<\/b><\/td>\r\n<td>\r\n<table class=\"table table-bordered\" style=\"height: 62px;\" width=\"300\">\r\n<tbody>\r\n<tr>\r\n<td><i class=\"fa fa-times icon-tick icon-tick--off\"><\/i><i class=\"bi bi-x-lg\"><\/i> Other food and drinks besides those indicated, tips, souvenirs, taxes.<\/td>\r\n<\/tr>\r\n<tr>\r\n<td>\u00a0<\/td>\r\n<\/tr>\r\n<\/tbody>\r\n<\/table>\r\n<\/td>\r\n<\/tr>\r\n<\/tbody>\r\n<\/table>\r\n<p>Price and availability subject to change without notice.<\/p>","protected":false},"excerpt":{"rendered":"<p>Paseo en Yate o Velero Duraci\u00f3n: hasta 6 horas Vive una experiencia extraordinaria en un tour de d\u00eda completo en el que podr\u00e1s explorar el mar de Yucat\u00e1n navegando en un Velero o Yate. Si celebras una ocasi\u00f3n especial o quieres vivir una experiencia rom\u00e1ntica este tour es ideal, pero tambi\u00e9n lo es para aquellos<\/p>\n<div class=\"padding-top text-center\"><a href=\"https:\/\/www.grecatours.com\/en\/tours\/paseoenyateovelero\/\" class=\"atbtn atbtn--medium atbtn--rounded atbtn--transparent\">Leer m\u00e1s<i class=\"atbtn__icon atbtn__icon--right fa fa-long-arrow-right\"><\/i><\/a><\/div>","protected":false},"featured_media":1782,"comment_status":"closed","ping_status":"closed","template":"","meta":[],"product_brand":[],"product_cat":[63],"product_tag":[],"class_list":{"0":"post-1760","1":"product","2":"type-product","3":"status-publish","4":"has-post-thumbnail","6":"product_cat-tour","7":"tour_category-meridayucatan","9":"first","10":"instock","11":"sold-individually","12":"shipping-taxable","13":"product-type-tour"},"_links":{"self":[{"href":"https:\/\/www.grecatours.com\/en\/wp-json\/wp\/v2\/product\/1760","targetHints":{"allow":["GET"]}}],"collection":[{"href":"https:\/\/www.grecatours.com\/en\/wp-json\/wp\/v2\/product"}],"about":[{"href":"https:\/\/www.grecatours.com\/en\/wp-json\/wp\/v2\/types\/product"}],"replies":[{"embeddable":true,"href":"https:\/\/www.grecatours.com\/en\/wp-json\/wp\/v2\/comments?post=1760"}],"wp:featuredmedia":[{"embeddable":true,"href":"https:\/\/www.grecatours.com\/en\/wp-json\/wp\/v2\/media\/1782"}],"wp:attachment":[{"href":"https:\/\/www.grecatours.com\/en\/wp-json\/wp\/v2\/media?parent=1760"}],"wp:term":[{"taxonomy":"product_brand","embeddable":true,"href":"https:\/\/www.grecatours.com\/en\/wp-json\/wp\/v2\/product_brand?post=1760"},{"taxonomy":"product_cat","embeddable":true,"href":"https:\/\/www.grecatours.com\/en\/wp-json\/wp\/v2\/product_cat?post=1760"},{"taxonomy":"product_tag","embeddable":true,"href":"https:\/\/www.grecatours.com\/en\/wp-json\/wp\/v2\/product_tag?post=1760"}],"curies":[{"name":"wp","href":"https:\/\/api.w.org\/{rel}","templated":true}]}}