{"id":1971,"date":"2025-05-31T22:03:34","date_gmt":"2025-05-31T22:03:34","guid":{"rendered":"https:\/\/www.grecatours.com\/?post_type=product&#038;p=1971"},"modified":"2025-08-08T20:36:23","modified_gmt":"2025-08-08T20:36:23","slug":"tour-playero","status":"publish","type":"product","link":"https:\/\/www.grecatours.com\/en\/tours\/tour-playero\/","title":{"rendered":"Beach Tour"},"content":{"rendered":"<h2>Beach Tour<\/h2>\n<p><i class=\"td-24-hours\"><\/i> Duration: <strong>8 hours<\/strong><\/p>\n<p class=\"p1\">Enjoy the beautiful sea of Chelem at a comfortable beach club featuring a restaurant, swimming pool, palapas, restrooms, showers, lounge chairs, and beach access, where you can savor a local dish and a non-alcoholic beverage.<\/p>\n<p class=\"p1\">Afterwards, take a leisurely stroll along the Progreso boardwalk and end your day watching the beautiful sunset in Puerto Progreso.<\/p>\n<p><!--more--><\/p>\n<table class=\"table table-bordered tours-tabs__table\" style=\"height: 233px;\" width=\"862\">\n<tbody>\n<tr>\n<td><strong>DEPARTURE\/RETURN LOCATION:<\/strong><\/td>\n<td>M\u00e9rida<\/td>\n<\/tr>\n<tr>\n<td><strong>DEPARTURE TIME:<\/strong><\/td>\n<td>Please arrive by 9:45 am for a prompt departure at 10:00 am.<\/td>\n<\/tr>\n<tr>\n<td><strong>RETURN TIME:<\/strong><\/td>\n<td>Approximately 7:00 pm.<\/td>\n<\/tr>\n<tr>\n<td><strong>SUGGESTION:<\/strong><\/td>\n<td>Bring comfortable clothing, a swimsuit, towel, sunscreen, and a hat.<\/td>\n<\/tr>\n<tr>\n<td><strong>INCLUDED:<\/strong><\/td>\n<td>\n<table class=\"table table-bordered\" style=\"height: 62px;\" width=\"300\">\n<tbody>\n<tr>\n<td><i class=\"fa fa-check icon-tick icon-tick--on\"><\/i>Transfers, guide, beach club admission, pool access, showers, restrooms, palapas, showers, *lunch (main course options: fish or mixed ceviche, classic burger, skirt steak or shrimp tacos, Alfredo pasta, and a choice of orangeade, lemonade, or soda).<\/td>\n<td><\/td>\n<\/tr>\n<tr>\n<td><\/td>\n<td><\/td>\n<\/tr>\n<\/tbody>\n<\/table>\n<\/td>\n<\/tr>\n<tr>\n<td><b>NOT INCLUDED:<\/b><\/td>\n<td>\n<table class=\"table table-bordered\" style=\"height: 62px;\" width=\"300\">\n<tbody>\n<tr>\n<td><i class=\"fa fa-times icon-tick icon-tick--off\"><\/i>Unspecified food and drinks, tips, souvenirs, taxes.<\/td>\n<\/tr>\n<tr>\n<td><\/td>\n<\/tr>\n<\/tbody>\n<\/table>\n<\/td>\n<\/tr>\n<\/tbody>\n<\/table>\n<p>Price and availability subject to change without notice.<\/p>","protected":false},"excerpt":{"rendered":"<p>Tour Playero Duraci\u00f3n: 8 horas Disfruta del hermoso mar de Chelem en un c\u00f3modo club de playa que cuenta con restaurante, piscina, palapas, ba\u00f1os, regaderas, camastros y playa, en el que podr\u00e1s degustar un platillo del lugar y una bebida sin alcohol. Posteriormente, da un paseo libremente por el malec\u00f3n de Progreso y termina tu<\/p>\n<div class=\"padding-top text-center\"><a href=\"https:\/\/www.grecatours.com\/en\/tours\/tour-playero\/\" class=\"atbtn atbtn--medium atbtn--rounded atbtn--transparent\">Leer m\u00e1s<i class=\"atbtn__icon atbtn__icon--right fa fa-long-arrow-right\"><\/i><\/a><\/div>","protected":false},"featured_media":1978,"comment_status":"closed","ping_status":"closed","template":"","meta":[],"product_brand":[],"product_cat":[63],"product_tag":[],"class_list":{"0":"post-1971","1":"product","2":"type-product","3":"status-publish","4":"has-post-thumbnail","6":"product_cat-tour","8":"first","9":"instock","10":"shipping-taxable","11":"product-type-tour"},"_links":{"self":[{"href":"https:\/\/www.grecatours.com\/en\/wp-json\/wp\/v2\/product\/1971","targetHints":{"allow":["GET"]}}],"collection":[{"href":"https:\/\/www.grecatours.com\/en\/wp-json\/wp\/v2\/product"}],"about":[{"href":"https:\/\/www.grecatours.com\/en\/wp-json\/wp\/v2\/types\/product"}],"replies":[{"embeddable":true,"href":"https:\/\/www.grecatours.com\/en\/wp-json\/wp\/v2\/comments?post=1971"}],"wp:featuredmedia":[{"embeddable":true,"href":"https:\/\/www.grecatours.com\/en\/wp-json\/wp\/v2\/media\/1978"}],"wp:attachment":[{"href":"https:\/\/www.grecatours.com\/en\/wp-json\/wp\/v2\/media?parent=1971"}],"wp:term":[{"taxonomy":"product_brand","embeddable":true,"href":"https:\/\/www.grecatours.com\/en\/wp-json\/wp\/v2\/product_brand?post=1971"},{"taxonomy":"product_cat","embeddable":true,"href":"https:\/\/www.grecatours.com\/en\/wp-json\/wp\/v2\/product_cat?post=1971"},{"taxonomy":"product_tag","embeddable":true,"href":"https:\/\/www.grecatours.com\/en\/wp-json\/wp\/v2\/product_tag?post=1971"}],"curies":[{"name":"wp","href":"https:\/\/api.w.org\/{rel}","templated":true}]}}