{"id":1992,"date":"2025-08-07T23:43:34","date_gmt":"2025-08-07T23:43:34","guid":{"rendered":"https:\/\/www.grecatours.com\/?post_type=product&#038;p=1992"},"modified":"2025-08-07T23:58:54","modified_gmt":"2025-08-07T23:58:54","slug":"museo-del-chocolate-ecos-de-uxmal","status":"publish","type":"product","link":"https:\/\/www.grecatours.com\/en\/tours\/museo-del-chocolate-ecos-de-uxmal\/","title":{"rendered":"Chocolate Museum + Echoes of Uxmal"},"content":{"rendered":"<h2>Chocolate Museum + Echoes of Uxmal<\/h2>\n<p><i class=\"td-24-hours\"><\/i> Duration: <strong>6 hours<\/strong><\/p>\n<p class=\"p1\">Enjoy a wonderful tour where you\u2019ll take a guided visit of the Chocolate Museum, where you'll learn about its origin, distribution, uses around the world, and the ancient Mayan methods of preparation. You\u2019ll also have the chance to visit the botanical gardens with cacao trees and the animal sanctuary.<\/p>\n<p class=\"p1\">Afterward, enjoy a beautiful light and sound show at the Uxmal archaeological site, where the ancient buildings are brought to life with vibrant colors.<\/p>\n<p><!--more--><\/p>\n<table class=\"table table-bordered tours-tabs__table\" style=\"height: 233px;\" width=\"862\">\n<tbody>\n<tr>\n<td><strong>DEPARTURE\/RETURN LOCATION:<\/strong><\/td>\n<td>M\u00e9rida<\/td>\n<\/tr>\n<tr>\n<td><strong>DEPARTURE TIME:<\/strong><\/td>\n<td>Please arrive by 9:45 am for a prompt departure at 10:00 am.<\/td>\n<\/tr>\n<tr>\n<td><strong>RETURN TIME:<\/strong><\/td>\n<td>Approximately 6:00 pm.<\/td>\n<\/tr>\n<tr>\n<td><strong>SUGGESTION:<\/strong><\/td>\n<td>Bring comfortable clothing, a swimsuit, towel, and sunscreen.<\/td>\n<\/tr>\n<tr>\n<td><strong>INCLUDED:<\/strong><\/td>\n<td>\n<table class=\"table table-bordered\" style=\"height: 62px;\" width=\"300\">\n<tbody>\n<tr>\n<td><i class=\"fa fa-check icon-tick icon-tick--on\"><\/i>Transportation, show, admission, and guided tour of the <span style=\"font-family: inherit; font-size: inherit;\">museum.<\/span><\/td>\n<td><\/td>\n<\/tr>\n<tr>\n<td><\/td>\n<td><\/td>\n<\/tr>\n<\/tbody>\n<\/table>\n<\/td>\n<\/tr>\n<tr>\n<td><b>NOT INCLUDED:<\/b><\/td>\n<td>\n<table class=\"table table-bordered\" style=\"height: 62px;\" width=\"300\">\n<tbody>\n<tr>\n<td><i class=\"fa fa-times icon-tick icon-tick--off\"><\/i>Food, drinks, tips, souvenirs, and taxes.<\/td>\n<\/tr>\n<tr>\n<td><\/td>\n<\/tr>\n<\/tbody>\n<\/table>\n<\/td>\n<\/tr>\n<\/tbody>\n<\/table>\n<p>Price and availability subject to change without notice.<\/p>","protected":false},"excerpt":{"rendered":"<p>Museo del Chocolate + Ecos de Uxmal Duraci\u00f3n: 6 horas Disfruta de un maravilloso tour en el que podr\u00e1s realizar una visita guiada por el Museo del Chocolate en donde conocer\u00e1s su origen, distribuci\u00f3n, usos por el mundo y sus milenarias formas de preparaci\u00f3n Maya. Adem\u00e1s, podr\u00e1s visitar los jardines bot\u00e1nicos con \u00e1rboles de cacao<\/p>\n<div class=\"padding-top text-center\"><a href=\"https:\/\/www.grecatours.com\/en\/tours\/museo-del-chocolate-ecos-de-uxmal\/\" class=\"atbtn atbtn--medium atbtn--rounded atbtn--transparent\">Leer m\u00e1s<i class=\"atbtn__icon atbtn__icon--right fa fa-long-arrow-right\"><\/i><\/a><\/div>","protected":false},"featured_media":1994,"comment_status":"closed","ping_status":"closed","template":"","meta":[],"product_brand":[],"product_cat":[63],"product_tag":[],"class_list":{"0":"post-1992","1":"product","2":"type-product","3":"status-publish","4":"has-post-thumbnail","6":"product_cat-tour","8":"first","9":"instock","10":"shipping-taxable","11":"product-type-tour"},"_links":{"self":[{"href":"https:\/\/www.grecatours.com\/en\/wp-json\/wp\/v2\/product\/1992","targetHints":{"allow":["GET"]}}],"collection":[{"href":"https:\/\/www.grecatours.com\/en\/wp-json\/wp\/v2\/product"}],"about":[{"href":"https:\/\/www.grecatours.com\/en\/wp-json\/wp\/v2\/types\/product"}],"replies":[{"embeddable":true,"href":"https:\/\/www.grecatours.com\/en\/wp-json\/wp\/v2\/comments?post=1992"}],"wp:featuredmedia":[{"embeddable":true,"href":"https:\/\/www.grecatours.com\/en\/wp-json\/wp\/v2\/media\/1994"}],"wp:attachment":[{"href":"https:\/\/www.grecatours.com\/en\/wp-json\/wp\/v2\/media?parent=1992"}],"wp:term":[{"taxonomy":"product_brand","embeddable":true,"href":"https:\/\/www.grecatours.com\/en\/wp-json\/wp\/v2\/product_brand?post=1992"},{"taxonomy":"product_cat","embeddable":true,"href":"https:\/\/www.grecatours.com\/en\/wp-json\/wp\/v2\/product_cat?post=1992"},{"taxonomy":"product_tag","embeddable":true,"href":"https:\/\/www.grecatours.com\/en\/wp-json\/wp\/v2\/product_tag?post=1992"}],"curies":[{"name":"wp","href":"https:\/\/api.w.org\/{rel}","templated":true}]}}